{"id":14,"date":"2016-06-11T19:19:59","date_gmt":"2016-06-11T17:19:59","guid":{"rendered":"http:\/\/lernpoint.eu\/html\/?page_id=14"},"modified":"2023-09-19T22:55:50","modified_gmt":"2023-09-19T20:55:50","slug":"nachhilfe","status":"publish","type":"page","link":"https:\/\/lernpoint-ev.de\/html\/kurse\/nachhilfe\/","title":{"rendered":"Nachhilfe"},"content":{"rendered":"<p><strong>Leider findet momentan, aufgrund der Corona-Pandemie und den aktuell geltenden Ma\u00dfnahmen, keine Nachhilfe statt. Wir hoffen, dass wir Ihnen die Nachhilfe im kommenden Jahr wieder anbieten k\u00f6nnen.<\/strong><\/p>\n<p>Lern Point e.V. ist ein Lerninstitut f\u00fcr Sch\u00fcler ab der 2. Klasse bis zum Abitur.<\/p>\n<p>Nachhilfekurse in:<\/p>\n<p>&#8211; Englisch<br>&#8211; Deutsch<br>&#8211; Mathe<br>&#8211; andere F\u00e4cher je nach Bedarf<\/p>\n<p>Nachhilfekursangebote :<br>&#8211; Einzelunterricht &#8211; \u00e1 60 Min.<br>&#8211; Gruppenunterricht in kleinen Gruppen ( 2 bis 5 Kinder ) &#8211; \u00e1 90 Min.<\/p>\n<p>Wie man lernt zu lernen<br>H\u00e4ufig liegt das Problem nicht in der Schw\u00e4che in einem einzelnen Fach, sondern in einer allgemeinen Schwierigkeit, sich zu konzentrieren, sich die Zeit einzuteilen, sich selbst zum Lernen zu motivieren. Ebenfalls ist es wichtig, dass Kinder lernen, mit Konfliktsituationen und Misserfolgen umzugehen.<br>Wir bieten p\u00e4dagogische Seminare f\u00fcr Eltern an, um ihnen das Schulsystem und die Lernp\u00e4dagogik nahe zu bringen.<\/p>\n<p>Lernen beim Lern Point e.V.<br>Kurz, individuell und intensiv Erfolg ist unser oberstes Ziel. Hierzu ist es erforderlich, die Sch\u00fcler\/-innen zur Selbst\u00e4ndigkeit zu f\u00fchren. Wir finden gemeinsam mit den Lehrer\/-innen die L\u00fccken, die aufzuholen sind, das Problem, das zu bew\u00e4ltigen ist. Wir erarbeiten zusammen mit den Sch\u00fcler\/-innen einen Plan, wie sie den Anschluss an die Klasse wiederfinden oder wie sie die gesteckten Ziele erreichen k\u00f6nnen. Der Erfolg, der sich Schritt f\u00fcr Schritt einstellen wird, wird ihnen neuen Mut und neue Motivation geben, selbst\u00e4ndig weiterzuarbeiten.<\/p>\n<p>Lern- und Schulaufgaben<br>Soziales Defizit, \u00dcberforderung durch die Schule: Das scheinbar dringendste Bed\u00fcrfnis derart betroffener Kinder besteht darin, dass sie Nachhilfeunterricht oder allgemeine Lernhilfe erhalten. Der Schulstoff oder die t\u00e4glichen Aufgaben bieten sich daher von selbst als Br\u00fccke f\u00fcr die Betreuung an. Aber das Hauptziel ist nicht nur schulische F\u00f6rderung, sondern vermehrte individuelle Zuwendung. Das Kind soll sp\u00fcren, dass im Lern Point e.V.&nbsp; kein Pr\u00fcfungsdruck herrscht, sondern dass es um das Verstehen geht. Auf besonderen Wunsch hin und in den Ferien bieten wir besondere Pr\u00fcfungsvorbereitungskurse an. Alle bei uns angemeldeten Sch\u00fcler k\u00f6nnen neben ihren Kursen auch kostenlos an der Hausaufgabenbetreuung teilnehmen. Der Unterricht findet ausschlie\u00dflich in homogenen Gruppen statt.<\/p>\n\n\n<p><\/p>\n","protected":false},"excerpt":{"rendered":"<p>Leider findet momentan, aufgrund der Corona-Pandemie und den aktuell geltenden Ma\u00dfnahmen, keine Nachhilfe statt. Wir hoffen, dass wir Ihnen die Nachhilfe im kommenden Jahr wieder anbieten k\u00f6nnen. Lern Point e.V. ist ein Lerninstitut f\u00fcr Sch\u00fcler ab der 2. Klasse bis <a href=\"https:\/\/lernpoint-ev.de\/html\/kurse\/nachhilfe\/\" class=\"read-more\">Weiterlesen&#8230;<\/a><\/p>\n","protected":false},"author":1,"featured_media":105,"parent":164,"menu_order":0,"comment_status":"closed","ping_status":"closed","template":"","meta":{"footnotes":""},"class_list":["post-14","page","type-page","status-publish","has-post-thumbnail","hentry"],"_links":{"self":[{"href":"https:\/\/lernpoint-ev.de\/html\/wp-json\/wp\/v2\/pages\/14","targetHints":{"allow":["GET"]}}],"collection":[{"href":"https:\/\/lernpoint-ev.de\/html\/wp-json\/wp\/v2\/pages"}],"about":[{"href":"https:\/\/lernpoint-ev.de\/html\/wp-json\/wp\/v2\/types\/page"}],"author":[{"embeddable":true,"href":"https:\/\/lernpoint-ev.de\/html\/wp-json\/wp\/v2\/users\/1"}],"replies":[{"embeddable":true,"href":"https:\/\/lernpoint-ev.de\/html\/wp-json\/wp\/v2\/comments?post=14"}],"version-history":[{"count":5,"href":"https:\/\/lernpoint-ev.de\/html\/wp-json\/wp\/v2\/pages\/14\/revisions"}],"predecessor-version":[{"id":998,"href":"https:\/\/lernpoint-ev.de\/html\/wp-json\/wp\/v2\/pages\/14\/revisions\/998"}],"up":[{"embeddable":true,"href":"https:\/\/lernpoint-ev.de\/html\/wp-json\/wp\/v2\/pages\/164"}],"wp:featuredmedia":[{"embeddable":true,"href":"https:\/\/lernpoint-ev.de\/html\/wp-json\/wp\/v2\/media\/105"}],"wp:attachment":[{"href":"https:\/\/lernpoint-ev.de\/html\/wp-json\/wp\/v2\/media?parent=14"}],"curies":[{"name":"wp","href":"https:\/\/api.w.org\/{rel}","templated":true}]}}