{"id":177,"date":"2017-07-13T18:05:07","date_gmt":"2017-07-13T16:05:07","guid":{"rendered":"http:\/\/lernpoint.eu\/html\/?page_id=177"},"modified":"2017-09-14T14:00:36","modified_gmt":"2017-09-14T12:00:36","slug":"nachbarschaftstreffen-stadtteildialog","status":"publish","type":"page","link":"https:\/\/lernpoint-ev.de\/html\/interkulturelle-veranstaltungen\/nachbarschaftstreffen-stadtteildialog\/","title":{"rendered":"Nachbarschaftstreffen"},"content":{"rendered":"<p>Im Rahmen von j\u00e4hrlich durchgef\u00fchrten Vortr\u00e4gen in verschiedenen Themenbereichen und im anschlie\u00dfendem gemeinsamen Essen und Gespr\u00e4chen m\u00f6chten wir Vorurteile abbauen, Klischees minimieren und den Dialog f\u00f6rdern. Durch Zusammentreffen aufgeschlossener Menschen und ihre sich entwickelnden Dialoge sollen Mauern abgebaut, T\u00fcren ge\u00f6ffnet und neue Wege des Verst\u00e4ndnisses aufgebaut werden.<\/p>\n","protected":false},"excerpt":{"rendered":"<p>Im Rahmen von j\u00e4hrlich durchgef\u00fchrten Vortr\u00e4gen in verschiedenen Themenbereichen und im anschlie\u00dfendem gemeinsamen Essen und Gespr\u00e4chen m\u00f6chten wir Vorurteile abbauen, Klischees minimieren und den Dialog f\u00f6rdern. Durch Zusammentreffen aufgeschlossener Menschen und ihre sich entwickelnden Dialoge sollen Mauern abgebaut, T\u00fcren ge\u00f6ffnet <a href=\"https:\/\/lernpoint-ev.de\/html\/interkulturelle-veranstaltungen\/nachbarschaftstreffen-stadtteildialog\/\" class=\"read-more\">Weiterlesen&#8230;<\/a><\/p>\n","protected":false},"author":1,"featured_media":0,"parent":167,"menu_order":0,"comment_status":"closed","ping_status":"closed","template":"","meta":{"footnotes":""},"class_list":["post-177","page","type-page","status-publish","hentry"],"_links":{"self":[{"href":"https:\/\/lernpoint-ev.de\/html\/wp-json\/wp\/v2\/pages\/177","targetHints":{"allow":["GET"]}}],"collection":[{"href":"https:\/\/lernpoint-ev.de\/html\/wp-json\/wp\/v2\/pages"}],"about":[{"href":"https:\/\/lernpoint-ev.de\/html\/wp-json\/wp\/v2\/types\/page"}],"author":[{"embeddable":true,"href":"https:\/\/lernpoint-ev.de\/html\/wp-json\/wp\/v2\/users\/1"}],"replies":[{"embeddable":true,"href":"https:\/\/lernpoint-ev.de\/html\/wp-json\/wp\/v2\/comments?post=177"}],"version-history":[{"count":2,"href":"https:\/\/lernpoint-ev.de\/html\/wp-json\/wp\/v2\/pages\/177\/revisions"}],"predecessor-version":[{"id":223,"href":"https:\/\/lernpoint-ev.de\/html\/wp-json\/wp\/v2\/pages\/177\/revisions\/223"}],"up":[{"embeddable":true,"href":"https:\/\/lernpoint-ev.de\/html\/wp-json\/wp\/v2\/pages\/167"}],"wp:attachment":[{"href":"https:\/\/lernpoint-ev.de\/html\/wp-json\/wp\/v2\/media?parent=177"}],"curies":[{"name":"wp","href":"https:\/\/api.w.org\/{rel}","templated":true}]}}