{"id":18,"date":"2016-06-11T19:27:12","date_gmt":"2016-06-11T17:27:12","guid":{"rendered":"http:\/\/lernpoint.eu\/html\/?page_id=18"},"modified":"2023-09-19T21:50:29","modified_gmt":"2023-09-19T19:50:29","slug":"integrationskurse","status":"publish","type":"page","link":"https:\/\/lernpoint-ev.de\/html\/integrationskurse\/","title":{"rendered":"Integrationskurse"},"content":{"rendered":"<p style=\"text-align: left;\">Lern Point e.V. bem\u00fcht sich, einen Beitrag zur Integration und zum gesellschaftlichen Zusammenleben zu leisten, indem es Integrationskurse in Zusammenarbeit mit dem Bundesamt f\u00fcr Migration und Fl\u00fcchtlinge (BAMF) organisiert.<\/p>\n<p style=\"text-align: left;\">Schl\u00fcssel zur erfolgreichen Integration: Die deutsche Sprache<\/p>\n<p>Der Integrationskurs bildet den Kern der staatlichen Integrationsangebote und ist ein Angebot zum Erwerb deutscher Sprachkenntnisse f\u00fcr Ausl\u00e4nder in Deutschland. Inhalt und Ablauf des Integrationskurses ist im Zuwanderungsgesetz von 2005 festgelegt.<\/p>\n<p style=\"text-align: left;\">Teilnehmer des Integrationskurses sind nach erfolgreichem Abschluss auf alle wichtige Bereiche des t\u00e4glichen Lebens und der Arbeitswelt vorbereitet. H\u00fcrden im Alltag wie Einkaufen, Nutzung \u00f6ffentlicher Verkehrsmittel, Kontakte mit Beh\u00f6rden, Wohnungssuche oder Bewerbung auf eine Arbeitsstelle werden gezielt angesprochen und mit praktischen Rollenspielen vertieft.<\/p>\n<p style=\"text-align: left;\">Lern Point e.V. ist ein zugelassener Integrationskurstr\u00e4ger und f\u00fchrt im Auftrag des Bundesamtes f\u00fcr Migration und Fl\u00fcchtlinge (BAMF) Integrationskurse durch.<\/p>\n<p style=\"text-align: left;\">Detaillierte Informationen zu Integrationskursen finden Sie auf der Internetseite des Bundesamtes f\u00fcr Migration und Fl\u00fcchtlinge.<\/p>\n<p><b>Aktuelle Integrationskurse in Friedberg<\/b><\/p>\n\n\n<table id=\"tablepress-15\" class=\"tablepress tablepress-id-15\">\n<thead>\n<tr class=\"row-1\">\n\t<th class=\"column-1\">K\u00fcrzel<\/th><th class=\"column-2\">Kurs Art<\/th><th class=\"column-3\">Uhrzeit<\/th><th class=\"column-4\">Modul<\/th><th class=\"column-5\">Modul Start<\/th><th class=\"column-6\">Kapazit\u00e4ten<\/th><td class=\"column-7\"><\/td><td class=\"column-8\"><\/td><td class=\"column-9\"><\/td><td class=\"column-10\"><\/td><td class=\"column-11\"><\/td><td class=\"column-12\"><\/td><td class=\"column-13\"><\/td><td class=\"column-14\"><\/td><td class=\"column-15\"><\/td><td class=\"column-16\"><\/td><td class=\"column-17\"><\/td><td class=\"column-18\"><\/td><td class=\"column-19\"><\/td><td class=\"column-20\"><\/td><td class=\"column-21\"><\/td><td class=\"column-22\"><\/td><td class=\"column-23\"><\/td><td class=\"column-24\"><\/td>\n<\/tr>\n<\/thead>\n<tbody class=\"row-striping row-hover\">\n<tr class=\"row-2\">\n\t<td class=\"column-1\">Kurs 113<\/td><td class=\"column-2\">Allgemeiner Integrationskurs<\/td><td class=\"column-3\">17:45-21:00<\/td><td class=\"column-4\">A1.1<\/td><td class=\"column-5\">09.02.2026<\/td><td class=\"column-6\">6<\/td><td class=\"column-7\"><\/td><td class=\"column-8\"><\/td><td class=\"column-9\"><\/td><td class=\"column-10\"><\/td><td class=\"column-11\"><\/td><td class=\"column-12\"><\/td><td class=\"column-13\"><\/td><td class=\"column-14\"><\/td><td class=\"column-15\"><\/td><td class=\"column-16\"><\/td><td class=\"column-17\"><\/td><td class=\"column-18\"><\/td><td class=\"column-19\"><\/td><td class=\"column-20\"><\/td><td class=\"column-21\"><\/td><td class=\"column-22\"><\/td><td class=\"column-23\"><\/td><td class=\"column-24\"><\/td>\n<\/tr>\n<tr class=\"row-3\">\n\t<td class=\"column-1\">Kurs 114<\/td><td class=\"column-2\">Allgemeiner Integrationskurs<\/td><td class=\"column-3\">8:30-12:30<\/td><td class=\"column-4\">A1.2<\/td><td class=\"column-5\">16.02.2026<\/td><td class=\"column-6\">5<\/td><td class=\"column-7\"><\/td><td class=\"column-8\"><\/td><td class=\"column-9\"><\/td><td class=\"column-10\"><\/td><td class=\"column-11\"><\/td><td class=\"column-12\"><\/td><td class=\"column-13\"><\/td><td class=\"column-14\"><\/td><td class=\"column-15\"><\/td><td class=\"column-16\"><\/td><td class=\"column-17\"><\/td><td class=\"column-18\"><\/td><td class=\"column-19\"><\/td><td class=\"column-20\"><\/td><td class=\"column-21\"><\/td><td class=\"column-22\"><\/td><td class=\"column-23\"><\/td><td class=\"column-24\"><\/td>\n<\/tr>\n<tr class=\"row-4\">\n\t<td class=\"column-1\">Kurs 117<\/td><td class=\"column-2\">Integrationskurs mit Alphabetisierung<\/td><td class=\"column-3\">8:30-12:30<\/td><td class=\"column-4\">Basiskurs 1<\/td><td class=\"column-5\">01.06.2026<\/td><td class=\"column-6\">8<\/td><td class=\"column-7\"><\/td><td class=\"column-8\"><\/td><td class=\"column-9\"><\/td><td class=\"column-10\"><\/td><td class=\"column-11\"><\/td><td class=\"column-12\"><\/td><td class=\"column-13\"><\/td><td class=\"column-14\"><\/td><td class=\"column-15\"><\/td><td class=\"column-16\"><\/td><td class=\"column-17\"><\/td><td class=\"column-18\"><\/td><td class=\"column-19\"><\/td><td class=\"column-20\"><\/td><td class=\"column-21\"><\/td><td class=\"column-22\"><\/td><td class=\"column-23\"><\/td><td class=\"column-24\"><\/td>\n<\/tr>\n<tr class=\"row-5\">\n\t<td class=\"column-1\">Kurs 116<\/td><td class=\"column-2\">Integrationskurs mit Alphabetisierung<\/td><td class=\"column-3\">13:00-17:00<\/td><td class=\"column-4\">Basiskurs 1<\/td><td class=\"column-5\">16.02.2026<\/td><td class=\"column-6\">ausgebucht<\/td><td class=\"column-7\"><\/td><td class=\"column-8\"><\/td><td class=\"column-9\"><\/td><td class=\"column-10\"><\/td><td class=\"column-11\"><\/td><td class=\"column-12\"><\/td><td class=\"column-13\"><\/td><td class=\"column-14\"><\/td><td class=\"column-15\"><\/td><td class=\"column-16\"><\/td><td class=\"column-17\"><\/td><td class=\"column-18\"><\/td><td class=\"column-19\"><\/td><td class=\"column-20\"><\/td><td class=\"column-21\"><\/td><td class=\"column-22\"><\/td><td class=\"column-23\"><\/td><td class=\"column-24\"><\/td>\n<\/tr>\n<tr class=\"row-6\">\n\t<td class=\"column-1\"><\/td><td class=\"column-2\"><\/td><td class=\"column-3\"><\/td><td class=\"column-4\"><\/td><td class=\"column-5\"><\/td><td class=\"column-6\"><\/td><td class=\"column-7\"><\/td><td class=\"column-8\"><\/td><td class=\"column-9\"><\/td><td class=\"column-10\"><\/td><td class=\"column-11\"><\/td><td class=\"column-12\"><\/td><td class=\"column-13\"><\/td><td class=\"column-14\"><\/td><td class=\"column-15\"><\/td><td class=\"column-16\"><\/td><td class=\"column-17\"><\/td><td class=\"column-18\"><\/td><td class=\"column-19\"><\/td><td class=\"column-20\"><\/td><td class=\"column-21\"><\/td><td class=\"column-22\"><\/td><td class=\"column-23\"><\/td><td class=\"column-24\"><\/td>\n<\/tr>\n<tr class=\"row-7\">\n\t<td class=\"column-1\"><\/td><td class=\"column-2\"><\/td><td class=\"column-3\"><\/td><td class=\"column-4\"><\/td><td class=\"column-5\"><\/td><td class=\"column-6\"><\/td><td class=\"column-7\"><\/td><td class=\"column-8\"><\/td><td class=\"column-9\"><\/td><td class=\"column-10\"><\/td><td class=\"column-11\"><\/td><td class=\"column-12\"><\/td><td class=\"column-13\"><\/td><td class=\"column-14\"><\/td><td class=\"column-15\"><\/td><td class=\"column-16\"><\/td><td class=\"column-17\"><\/td><td class=\"column-18\"><\/td><td class=\"column-19\"><\/td><td class=\"column-20\"><\/td><td class=\"column-21\"><\/td><td class=\"column-22\"><\/td><td class=\"column-23\"><\/td><td class=\"column-24\"><\/td>\n<\/tr>\n<tr class=\"row-8\">\n\t<td class=\"column-1\"><\/td><td class=\"column-2\"><\/td><td class=\"column-3\"><\/td><td class=\"column-4\"><\/td><td class=\"column-5\"><\/td><td class=\"column-6\"><\/td><td class=\"column-7\"><\/td><td class=\"column-8\"><\/td><td class=\"column-9\"><\/td><td class=\"column-10\"><\/td><td class=\"column-11\"><\/td><td class=\"column-12\"><\/td><td class=\"column-13\"><\/td><td class=\"column-14\"><\/td><td class=\"column-15\"><\/td><td class=\"column-16\"><\/td><td class=\"column-17\"><\/td><td class=\"column-18\"><\/td><td class=\"column-19\"><\/td><td class=\"column-20\"><\/td><td class=\"column-21\"><\/td><td class=\"column-22\"><\/td><td class=\"column-23\"><\/td><td class=\"column-24\"><\/td>\n<\/tr>\n<tr class=\"row-9\">\n\t<td class=\"column-1\"><\/td><td class=\"column-2\"><\/td><td class=\"column-3\"><\/td><td class=\"column-4\"><\/td><td class=\"column-5\"><\/td><td class=\"column-6\"><\/td><td class=\"column-7\"><\/td><td class=\"column-8\"><\/td><td class=\"column-9\"><\/td><td class=\"column-10\"><\/td><td class=\"column-11\"><\/td><td class=\"column-12\"><\/td><td class=\"column-13\"><\/td><td class=\"column-14\"><\/td><td class=\"column-15\"><\/td><td class=\"column-16\"><\/td><td class=\"column-17\"><\/td><td class=\"column-18\"><\/td><td class=\"column-19\"><\/td><td class=\"column-20\"><\/td><td class=\"column-21\"><\/td><td class=\"column-22\"><\/td><td class=\"column-23\"><\/td><td class=\"column-24\"><\/td>\n<\/tr>\n<tr class=\"row-10\">\n\t<td class=\"column-1\"><\/td><td class=\"column-2\"><\/td><td class=\"column-3\"><\/td><td class=\"column-4\"><\/td><td class=\"column-5\"><\/td><td class=\"column-6\"><\/td><td class=\"column-7\"><\/td><td class=\"column-8\"><\/td><td class=\"column-9\"><\/td><td class=\"column-10\"><\/td><td class=\"column-11\"><\/td><td class=\"column-12\"><\/td><td class=\"column-13\"><\/td><td class=\"column-14\"><\/td><td class=\"column-15\"><\/td><td class=\"column-16\"><\/td><td class=\"column-17\"><\/td><td class=\"column-18\"><\/td><td class=\"column-19\"><\/td><td class=\"column-20\"><\/td><td class=\"column-21\"><\/td><td class=\"column-22\"><\/td><td class=\"column-23\"><\/td><td class=\"column-24\"><\/td>\n<\/tr>\n<tr class=\"row-11\">\n\t<td class=\"column-1\"><\/td><td class=\"column-2\"><\/td><td class=\"column-3\"><\/td><td class=\"column-4\"><\/td><td class=\"column-5\"><\/td><td class=\"column-6\"><\/td><td class=\"column-7\"><\/td><td class=\"column-8\"><\/td><td class=\"column-9\"><\/td><td class=\"column-10\"><\/td><td class=\"column-11\"><\/td><td class=\"column-12\"><\/td><td class=\"column-13\"><\/td><td class=\"column-14\"><\/td><td class=\"column-15\"><\/td><td class=\"column-16\"><\/td><td class=\"column-17\"><\/td><td class=\"column-18\"><\/td><td class=\"column-19\"><\/td><td class=\"column-20\"><\/td><td class=\"column-21\"><\/td><td class=\"column-22\"><\/td><td class=\"column-23\"><\/td><td class=\"column-24\"><\/td>\n<\/tr>\n<tr class=\"row-12\">\n\t<td class=\"column-1\"><\/td><td class=\"column-2\"><\/td><td class=\"column-3\"><\/td><td class=\"column-4\"><\/td><td class=\"column-5\"><\/td><td class=\"column-6\"><\/td><td class=\"column-7\"><\/td><td class=\"column-8\"><\/td><td class=\"column-9\"><\/td><td class=\"column-10\"><\/td><td class=\"column-11\"><\/td><td class=\"column-12\"><\/td><td class=\"column-13\"><\/td><td class=\"column-14\"><\/td><td class=\"column-15\"><\/td><td class=\"column-16\"><\/td><td class=\"column-17\"><\/td><td class=\"column-18\"><\/td><td class=\"column-19\"><\/td><td class=\"column-20\"><\/td><td class=\"column-21\"><\/td><td class=\"column-22\"><\/td><td class=\"column-23\"><\/td><td class=\"column-24\"><\/td>\n<\/tr>\n<tr class=\"row-13\">\n\t<td class=\"column-1\"><\/td><td class=\"column-2\"><\/td><td class=\"column-3\"><\/td><td class=\"column-4\"><\/td><td class=\"column-5\"><\/td><td class=\"column-6\"><\/td><td class=\"column-7\"><\/td><td class=\"column-8\"><\/td><td class=\"column-9\"><\/td><td class=\"column-10\"><\/td><td class=\"column-11\"><\/td><td class=\"column-12\"><\/td><td class=\"column-13\"><\/td><td class=\"column-14\"><\/td><td class=\"column-15\"><\/td><td class=\"column-16\"><\/td><td class=\"column-17\"><\/td><td class=\"column-18\"><\/td><td class=\"column-19\"><\/td><td class=\"column-20\"><\/td><td class=\"column-21\"><\/td><td class=\"column-22\"><\/td><td class=\"column-23\"><\/td><td class=\"column-24\"><\/td>\n<\/tr>\n<tr class=\"row-14\">\n\t<td class=\"column-1\"><\/td><td class=\"column-2\"><\/td><td class=\"column-3\"><\/td><td class=\"column-4\"><\/td><td class=\"column-5\"><\/td><td class=\"column-6\"><\/td><td class=\"column-7\"><\/td><td class=\"column-8\"><\/td><td class=\"column-9\"><\/td><td class=\"column-10\"><\/td><td class=\"column-11\"><\/td><td class=\"column-12\"><\/td><td class=\"column-13\"><\/td><td class=\"column-14\"><\/td><td class=\"column-15\"><\/td><td class=\"column-16\"><\/td><td class=\"column-17\"><\/td><td class=\"column-18\"><\/td><td class=\"column-19\"><\/td><td class=\"column-20\"><\/td><td class=\"column-21\"><\/td><td class=\"column-22\"><\/td><td class=\"column-23\"><\/td><td class=\"column-24\"><\/td>\n<\/tr>\n<tr class=\"row-15\">\n\t<td class=\"column-1\"><\/td><td class=\"column-2\"><\/td><td class=\"column-3\"><\/td><td class=\"column-4\"><\/td><td class=\"column-5\"><\/td><td class=\"column-6\"><\/td><td class=\"column-7\"><\/td><td class=\"column-8\"><\/td><td class=\"column-9\"><\/td><td class=\"column-10\"><\/td><td class=\"column-11\"><\/td><td class=\"column-12\"><\/td><td class=\"column-13\"><\/td><td class=\"column-14\"><\/td><td class=\"column-15\"><\/td><td class=\"column-16\"><\/td><td class=\"column-17\"><\/td><td class=\"column-18\"><\/td><td class=\"column-19\"><\/td><td class=\"column-20\"><\/td><td class=\"column-21\"><\/td><td class=\"column-22\"><\/td><td class=\"column-23\"><\/td><td class=\"column-24\"><\/td>\n<\/tr>\n<tr class=\"row-16\">\n\t<td class=\"column-1\"><\/td><td class=\"column-2\"><\/td><td class=\"column-3\"><\/td><td class=\"column-4\"><\/td><td class=\"column-5\"><\/td><td class=\"column-6\"><\/td><td class=\"column-7\"><\/td><td class=\"column-8\"><\/td><td class=\"column-9\"><\/td><td class=\"column-10\"><\/td><td class=\"column-11\"><\/td><td class=\"column-12\"><\/td><td class=\"column-13\"><\/td><td class=\"column-14\"><\/td><td class=\"column-15\"><\/td><td class=\"column-16\"><\/td><td class=\"column-17\"><\/td><td class=\"column-18\"><\/td><td class=\"column-19\"><\/td><td class=\"column-20\"><\/td><td class=\"column-21\"><\/td><td class=\"column-22\"><\/td><td class=\"column-23\"><\/td><td class=\"column-24\"><\/td>\n<\/tr>\n<tr class=\"row-17\">\n\t<td class=\"column-1\"><\/td><td class=\"column-2\"><\/td><td class=\"column-3\"><\/td><td class=\"column-4\"><\/td><td class=\"column-5\"><\/td><td class=\"column-6\"><\/td><td class=\"column-7\"><\/td><td class=\"column-8\"><\/td><td class=\"column-9\"><\/td><td class=\"column-10\"><\/td><td class=\"column-11\"><\/td><td class=\"column-12\"><\/td><td class=\"column-13\"><\/td><td class=\"column-14\"><\/td><td class=\"column-15\"><\/td><td class=\"column-16\"><\/td><td class=\"column-17\"><\/td><td class=\"column-18\"><\/td><td class=\"column-19\"><\/td><td class=\"column-20\"><\/td><td class=\"column-21\"><\/td><td class=\"column-22\"><\/td><td class=\"column-23\"><\/td><td class=\"column-24\"><\/td>\n<\/tr>\n<tr class=\"row-18\">\n\t<td class=\"column-1\"><\/td><td class=\"column-2\"><\/td><td class=\"column-3\"><\/td><td class=\"column-4\"><\/td><td class=\"column-5\"><\/td><td class=\"column-6\"><\/td><td class=\"column-7\"><\/td><td class=\"column-8\"><\/td><td class=\"column-9\"><\/td><td class=\"column-10\"><\/td><td class=\"column-11\"><\/td><td class=\"column-12\"><\/td><td class=\"column-13\"><\/td><td class=\"column-14\"><\/td><td class=\"column-15\"><\/td><td class=\"column-16\"><\/td><td class=\"column-17\"><\/td><td class=\"column-18\"><\/td><td class=\"column-19\"><\/td><td class=\"column-20\"><\/td><td class=\"column-21\"><\/td><td class=\"column-22\"><\/td><td class=\"column-23\"><\/td><td class=\"column-24\"><\/td>\n<\/tr>\n<\/tbody>\n<\/table>\n<!-- #tablepress-15 from cache -->\n","protected":false},"excerpt":{"rendered":"<p>Lern Point e.V. bem\u00fcht sich, einen Beitrag zur Integration und zum gesellschaftlichen Zusammenleben zu leisten, indem es Integrationskurse in Zusammenarbeit mit dem Bundesamt f\u00fcr Migration und Fl\u00fcchtlinge (BAMF) organisiert. Schl\u00fcssel zur erfolgreichen Integration: Die deutsche Sprache Der Integrationskurs bildet den <a href=\"https:\/\/lernpoint-ev.de\/html\/integrationskurse\/\" class=\"read-more\">Weiterlesen&#8230;<\/a><\/p>\n","protected":false},"author":1,"featured_media":983,"parent":0,"menu_order":0,"comment_status":"closed","ping_status":"closed","template":"","meta":{"footnotes":""},"class_list":["post-18","page","type-page","status-publish","has-post-thumbnail","hentry"],"_links":{"self":[{"href":"https:\/\/lernpoint-ev.de\/html\/wp-json\/wp\/v2\/pages\/18","targetHints":{"allow":["GET"]}}],"collection":[{"href":"https:\/\/lernpoint-ev.de\/html\/wp-json\/wp\/v2\/pages"}],"about":[{"href":"https:\/\/lernpoint-ev.de\/html\/wp-json\/wp\/v2\/types\/page"}],"author":[{"embeddable":true,"href":"https:\/\/lernpoint-ev.de\/html\/wp-json\/wp\/v2\/users\/1"}],"replies":[{"embeddable":true,"href":"https:\/\/lernpoint-ev.de\/html\/wp-json\/wp\/v2\/comments?post=18"}],"version-history":[{"count":22,"href":"https:\/\/lernpoint-ev.de\/html\/wp-json\/wp\/v2\/pages\/18\/revisions"}],"predecessor-version":[{"id":924,"href":"https:\/\/lernpoint-ev.de\/html\/wp-json\/wp\/v2\/pages\/18\/revisions\/924"}],"wp:featuredmedia":[{"embeddable":true,"href":"https:\/\/lernpoint-ev.de\/html\/wp-json\/wp\/v2\/media\/983"}],"wp:attachment":[{"href":"https:\/\/lernpoint-ev.de\/html\/wp-json\/wp\/v2\/media?parent=18"}],"curies":[{"name":"wp","href":"https:\/\/api.w.org\/{rel}","templated":true}]}}