{"id":181,"date":"2017-07-13T18:06:28","date_gmt":"2017-07-13T16:06:28","guid":{"rendered":"http:\/\/lernpoint.eu\/html\/?page_id=181"},"modified":"2017-09-14T13:59:27","modified_gmt":"2017-09-14T11:59:27","slug":"bildungsfahrten","status":"publish","type":"page","link":"https:\/\/lernpoint-ev.de\/html\/elternarbeit-mentoring\/bildungsfahrten\/","title":{"rendered":"Bildungsfahrten"},"content":{"rendered":"<p>Um die kulturelle Bildung nicht nur lesend sondern auch sehend und erlebend zu f\u00f6rdern, organisieren wir verschiedene Studienreisen (St\u00e4dtereisen, Auslandsreisen, Museumsbesuche, Besuch von Medien- und Lehranstalten, Zoobesuche), abh\u00e4ngig von Zielgruppe und Verf\u00fcgbarkeit von Interessenten<\/p>\n","protected":false},"excerpt":{"rendered":"<p>Um die kulturelle Bildung nicht nur lesend sondern auch sehend und erlebend zu f\u00f6rdern, organisieren wir verschiedene Studienreisen (St\u00e4dtereisen, Auslandsreisen, Museumsbesuche, Besuch von Medien- und Lehranstalten, Zoobesuche), abh\u00e4ngig von Zielgruppe und Verf\u00fcgbarkeit von Interessenten<\/p>\n","protected":false},"author":1,"featured_media":0,"parent":161,"menu_order":0,"comment_status":"closed","ping_status":"closed","template":"","meta":{"footnotes":""},"class_list":["post-181","page","type-page","status-publish","hentry"],"_links":{"self":[{"href":"https:\/\/lernpoint-ev.de\/html\/wp-json\/wp\/v2\/pages\/181","targetHints":{"allow":["GET"]}}],"collection":[{"href":"https:\/\/lernpoint-ev.de\/html\/wp-json\/wp\/v2\/pages"}],"about":[{"href":"https:\/\/lernpoint-ev.de\/html\/wp-json\/wp\/v2\/types\/page"}],"author":[{"embeddable":true,"href":"https:\/\/lernpoint-ev.de\/html\/wp-json\/wp\/v2\/users\/1"}],"replies":[{"embeddable":true,"href":"https:\/\/lernpoint-ev.de\/html\/wp-json\/wp\/v2\/comments?post=181"}],"version-history":[{"count":2,"href":"https:\/\/lernpoint-ev.de\/html\/wp-json\/wp\/v2\/pages\/181\/revisions"}],"predecessor-version":[{"id":222,"href":"https:\/\/lernpoint-ev.de\/html\/wp-json\/wp\/v2\/pages\/181\/revisions\/222"}],"up":[{"embeddable":true,"href":"https:\/\/lernpoint-ev.de\/html\/wp-json\/wp\/v2\/pages\/161"}],"wp:attachment":[{"href":"https:\/\/lernpoint-ev.de\/html\/wp-json\/wp\/v2\/media?parent=181"}],"curies":[{"name":"wp","href":"https:\/\/api.w.org\/{rel}","templated":true}]}}