{"id":219,"date":"2017-09-14T13:57:49","date_gmt":"2017-09-14T11:57:49","guid":{"rendered":"http:\/\/lernpoint.eu\/html\/?page_id=219"},"modified":"2017-09-14T13:57:49","modified_gmt":"2017-09-14T11:57:49","slug":"schuelermentoring","status":"publish","type":"page","link":"https:\/\/lernpoint-ev.de\/html\/elternarbeit-mentoring\/schuelermentoring\/","title":{"rendered":"Sch\u00fclermentoring"},"content":{"rendered":"<p>Durch das Mentoring sollen Sch\u00fcler in ihrer Pers\u00f6nlichkeitsentwicklung gef\u00f6rdert werden.<br \/>\nDies beinhaltet sowohl das Erreichen schulischer Ziele (erfolgreicher Schulabschluss, Besuch einer weiterf\u00fchrenden Schule oder aber auch die Unterst\u00fctzung bei der Ausbildungsausrichtung), als auch die F\u00f6rderung sozialer, sprachlicher und kultureller Kompetenz der Jugendlichen. Gemeinsame Diskussionsrunden, Besuch von verschiedenen Institutionen und Veranstaltungen sowie gemeinsame Freizeitaktivit\u00e4ten sind hierbei wichtige Werkzeuge.<\/p>\n","protected":false},"excerpt":{"rendered":"<p>Durch das Mentoring sollen Sch\u00fcler in ihrer Pers\u00f6nlichkeitsentwicklung gef\u00f6rdert werden. Dies beinhaltet sowohl das Erreichen schulischer Ziele (erfolgreicher Schulabschluss, Besuch einer weiterf\u00fchrenden Schule oder aber auch die Unterst\u00fctzung bei der Ausbildungsausrichtung), als auch die F\u00f6rderung sozialer, sprachlicher und kultureller Kompetenz <a href=\"https:\/\/lernpoint-ev.de\/html\/elternarbeit-mentoring\/schuelermentoring\/\" class=\"read-more\">Weiterlesen&#8230;<\/a><\/p>\n","protected":false},"author":1,"featured_media":0,"parent":161,"menu_order":0,"comment_status":"closed","ping_status":"closed","template":"","meta":{"footnotes":""},"class_list":["post-219","page","type-page","status-publish","hentry"],"_links":{"self":[{"href":"https:\/\/lernpoint-ev.de\/html\/wp-json\/wp\/v2\/pages\/219","targetHints":{"allow":["GET"]}}],"collection":[{"href":"https:\/\/lernpoint-ev.de\/html\/wp-json\/wp\/v2\/pages"}],"about":[{"href":"https:\/\/lernpoint-ev.de\/html\/wp-json\/wp\/v2\/types\/page"}],"author":[{"embeddable":true,"href":"https:\/\/lernpoint-ev.de\/html\/wp-json\/wp\/v2\/users\/1"}],"replies":[{"embeddable":true,"href":"https:\/\/lernpoint-ev.de\/html\/wp-json\/wp\/v2\/comments?post=219"}],"version-history":[{"count":1,"href":"https:\/\/lernpoint-ev.de\/html\/wp-json\/wp\/v2\/pages\/219\/revisions"}],"predecessor-version":[{"id":220,"href":"https:\/\/lernpoint-ev.de\/html\/wp-json\/wp\/v2\/pages\/219\/revisions\/220"}],"up":[{"embeddable":true,"href":"https:\/\/lernpoint-ev.de\/html\/wp-json\/wp\/v2\/pages\/161"}],"wp:attachment":[{"href":"https:\/\/lernpoint-ev.de\/html\/wp-json\/wp\/v2\/media?parent=219"}],"curies":[{"name":"wp","href":"https:\/\/api.w.org\/{rel}","templated":true}]}}