{"id":519,"date":"2020-11-04T12:43:45","date_gmt":"2020-11-04T11:43:45","guid":{"rendered":"http:\/\/lernpoint.eu\/html\/?page_id=519"},"modified":"2023-09-19T23:07:03","modified_gmt":"2023-09-19T21:07:03","slug":"pruefungstermine","status":"publish","type":"page","link":"https:\/\/lernpoint-ev.de\/html\/kurse\/pruefungstermine\/","title":{"rendered":"Pr\u00fcfungstermine"},"content":{"rendered":"<h2 id=\"tablepress-8-name\" class=\"tablepress-table-name tablepress-table-name-id-8\">Pr\u00fcfungstermine<\/h2>\n\n<table id=\"tablepress-8\" class=\"tablepress tablepress-id-8\" aria-labelledby=\"tablepress-8-name\" aria-describedby=\"tablepress-8-description\">\n<thead>\n<tr class=\"row-1\">\n\t<th class=\"column-1\">Pr\u00fcfung<\/th><th class=\"column-2\">Termine<\/th><th class=\"column-3\">Kapazit\u00e4ten<\/th><th class=\"column-4\">Link zu \u00dcbungsmaterial<\/th>\n<\/tr>\n<\/thead>\n<tbody class=\"row-striping row-hover\">\n<tr class=\"row-2\">\n\t<td class=\"column-1\">DTZ-B1<\/td><td class=\"column-2\">28.03.2026<\/td><td class=\"column-3\">5<\/td><td class=\"column-4\"><a href=\"https:\/\/www.gast.de\/de\/forschung-entwicklung\/entwicklung\/auftraege\/deutsch-test-fuer-zuwanderer-dtz\/der-dtz-auf-einen-blick#c2282\" rel=\"noopener\" target=\"_blank\">https:\/\/www.gast.de\/de\/forschung-entwicklung\/entwicklung\/auftraege\/deutsch-test-fuer-zuwanderer-dtz\/der-dtz-auf-einen-blick#c2282<\/a><\/td>\n<\/tr>\n<tr class=\"row-3\">\n\t<td class=\"column-1\">LID-TEST-Einb\u00fcrgerungstest<\/td><td class=\"column-2\">27.03.2026<\/td><td class=\"column-3\">5<\/td><td class=\"column-4\"><a href=\"https:\/\/www.i-punkt-projekt.de\/fileadmin\/i-punkt\/pdf\/Test_Lernkarten_Beilage_zum_Kursbuch.pdf\" rel=\"noopener\" target=\"_blank\">https:\/\/www.i-punkt-projekt.de\/fileadmin\/i-punkt\/pdf\/Test_Lernkarten_Beilage_zum_Kursbuch.pdf<\/a><\/td>\n<\/tr>\n<tr class=\"row-4\">\n\t<td class=\"column-1\"><\/td><td class=\"column-2\"><\/td><td class=\"column-3\"><\/td><td class=\"column-4\"><\/td>\n<\/tr>\n<\/tbody>\n<tfoot>\n<tr class=\"row-5\">\n\t<td class=\"column-1\"><\/td><td class=\"column-2\"><\/td><td class=\"column-3\"><\/td><td class=\"column-4\"><\/td>\n<\/tr>\n<\/tfoot>\n<\/table>\n<span id=\"tablepress-8-description\" class=\"tablepress-table-description tablepress-table-description-id-8\">Hier finden Sie einen \u00dcberblick \u00fcber aktuelle Pr\u00fcfungstermine und unsere Kapazit\u00e4ten<\/span>\n<!-- #tablepress-8 from cache -->\n\n\n\n<h2 class=\"wp-block-heading\">Hier k\u00f6nnen Sie kostenlos Ihre Sprachkenntnisse testen:<\/h2>\n\n\n\n<p><a href=\"https:\/\/www.sprachtest.de\/\">https:\/\/www.sprachtest.de\/<\/a><\/p>\n\n\n\n<p>Eine Anmeldung zu den Pr\u00fcfungen ist nur vor Ort  und nur schriftlich, mit Original-Anmeldeformular m\u00f6glich.<\/p>\n","protected":false},"excerpt":{"rendered":"<p>Hier k\u00f6nnen Sie kostenlos Ihre Sprachkenntnisse testen: https:\/\/www.sprachtest.de\/ Eine Anmeldung zu den Pr\u00fcfungen ist nur vor Ort und nur schriftlich, mit Original-Anmeldeformular m\u00f6glich.<\/p>\n","protected":false},"author":1,"featured_media":1000,"parent":164,"menu_order":1,"comment_status":"closed","ping_status":"closed","template":"","meta":{"footnotes":""},"class_list":["post-519","page","type-page","status-publish","has-post-thumbnail","hentry"],"_links":{"self":[{"href":"https:\/\/lernpoint-ev.de\/html\/wp-json\/wp\/v2\/pages\/519","targetHints":{"allow":["GET"]}}],"collection":[{"href":"https:\/\/lernpoint-ev.de\/html\/wp-json\/wp\/v2\/pages"}],"about":[{"href":"https:\/\/lernpoint-ev.de\/html\/wp-json\/wp\/v2\/types\/page"}],"author":[{"embeddable":true,"href":"https:\/\/lernpoint-ev.de\/html\/wp-json\/wp\/v2\/users\/1"}],"replies":[{"embeddable":true,"href":"https:\/\/lernpoint-ev.de\/html\/wp-json\/wp\/v2\/comments?post=519"}],"version-history":[{"count":4,"href":"https:\/\/lernpoint-ev.de\/html\/wp-json\/wp\/v2\/pages\/519\/revisions"}],"predecessor-version":[{"id":1001,"href":"https:\/\/lernpoint-ev.de\/html\/wp-json\/wp\/v2\/pages\/519\/revisions\/1001"}],"up":[{"embeddable":true,"href":"https:\/\/lernpoint-ev.de\/html\/wp-json\/wp\/v2\/pages\/164"}],"wp:featuredmedia":[{"embeddable":true,"href":"https:\/\/lernpoint-ev.de\/html\/wp-json\/wp\/v2\/media\/1000"}],"wp:attachment":[{"href":"https:\/\/lernpoint-ev.de\/html\/wp-json\/wp\/v2\/media?parent=519"}],"curies":[{"name":"wp","href":"https:\/\/api.w.org\/{rel}","templated":true}]}}