{"id":550,"date":"2020-12-09T12:17:02","date_gmt":"2020-12-09T11:17:02","guid":{"rendered":"http:\/\/lernpoint.eu\/html\/?page_id=550"},"modified":"2020-12-09T12:18:20","modified_gmt":"2020-12-09T11:18:20","slug":"leitbild","status":"publish","type":"page","link":"https:\/\/lernpoint-ev.de\/html\/lern-point-e-v\/leitbild\/","title":{"rendered":"Leitbild"},"content":{"rendered":"\n<h2 class=\"wp-block-heading\"><\/h2>\n\n\n\n<p>\u00b7 Der Lernerfolg unserer Kunden ist f\u00fcr uns Priorit\u00e4t. Gelungenes Lernen bedeutet f\u00fcr uns, dass wir optimale Rahmenbedingungen schaffen, um die angestrebten Lernziele in einer positiven Atmosph\u00e4re zu erreichen.<\/p>\n\n\n\n<p> \u00b7 Kundenzufriedenheit ist eins unserer Hauptanliegen, die wir sowohl mit qualifizierten Lehrkr\u00e4ften und Personal, sowie professionellem Handeln erreichen wollen.<\/p>\n\n\n\n<p> \u00b7 Wir unterst\u00fctzen Menschen mit Migrationshintergrund in der F\u00f6rderung ihrer sprachlichen Kompetenz.<\/p>\n\n\n\n<p> \u00b7 Wir verpflichten uns, Kinder und Jugendliche in ihrer schulischen Weiterentwicklung zu f\u00f6rdern.<\/p>\n\n\n\n<p> \u00b7 Wir engagieren uns in regionalen und \u00fcberregionalen Netzwerken f\u00fcr Migration und Integration unserer Kunden.<\/p>\n\n\n\n<p> \u00b7 Wir kooperieren mit den zust\u00e4ndigen Beh\u00f6rden, Beratungsstellen und Migrantenorganisationen.<\/p>\n\n\n\n<p> \u00b7 Wir reagieren mit unserem Dienstleistungsangebot auf aktuelle, soziale, politische, kulturelle, bildungs- und arbeitsmarktpolitische Entwicklungen und Herausforderungen.<\/p>\n\n\n\n<p> \u00b7 Wir stehen neuen Wegen der Wissens- und Bildungsvermittlung offen gegen\u00fcber.<\/p>\n\n\n\n<p> \u00b7 Wir \u00fcbernehmen Verantwortung zur Entwicklung der Gesellschaft.<\/p>\n\n\n\n<p> \u00b7 Wir wollen durch Qualit\u00e4t, Zuverl\u00e4ssigkeit, Vertraulichkeit und Transparenz \u00fcberzeugen.<\/p>\n\n\n\n<p> \u00b7 Wir arbeiten nach den Prinzipien Wirtschaftlichkeit und Kundenorientierung.<\/p>\n\n\n\n<p> \u00b7 Wir leben ein respektvolles und kollegiales Miteinander.<\/p>\n\n\n\n<p> \u00b7 Wir sch\u00e4rfen das Bewusstsein der Mitarbeiter f\u00fcr unser Leitbild.<\/p>\n\n\n\n<p><strong>Diversity Management<\/strong> <\/p>\n\n\n\n<p>Lernpoint e.V. verpflichtet sich Diskriminierungen und Benachteiligungen im Sinne des AGG entgegenzuwirken und erlaubt derartiges Verhalten, weder unter den Mitarbeitern noch gegen\u00fcber Kunden und Teilnehmer. Die ABP besteht aus einem interkulturellen Team, das wiederum offen f\u00fcr Menschen jeglichem Couleur (Geschlecht, Religion und Weltanschauung, Alter, Behinderung, Rasse, ethnischer Herkunft und sexueller Identit\u00e4t) ist, diese Vielfalt willkommen hei\u00dft und f\u00fcr Chancengleichheit unter ihnen sorgt und wirbt. Die Teilnehmer eines Kurses sind nicht nach Geschlecht getrennt; es sei denn das jeweilige Kurskonzept sieht eine Trennung vor (z. B. niederschwellige Deutschkurse f\u00fcr Migrantinnen, spezielle Frauenintegrationskurse vom BAMF). Es werden gemischte Gruppen gebildet.<\/p>\n\n\n\n<figure class=\"wp-block-image\"><img loading=\"lazy\" decoding=\"async\" width=\"222\" height=\"218\" src=\"http:\/\/lernpoint.eu\/html\/wp-content\/uploads\/2020\/12\/Bild1.jpg\" alt=\"\" class=\"wp-image-551\"\/><\/figure>\n\n\n\n<p><strong>Vereinbarkeit von Familie und Beruf<\/strong><\/p>\n\n\n\n<p>F\u00fcr die Vereinbarkeit von Familie und Beruf achtet Lernpoint e.V. auf Familiengerechte Arbeits- (Teilzeit und Gleitzeit) und Urlaubszeiten (Urlaub bestm\u00f6glich nach Schulferien geregelt).<\/p>\n\n\n\n<p>Bei Planung von Kurszeiten und Ma\u00dfnahmen soll m\u00f6glichst auf eine familienfreundliche Zeitplanung geachtet werden; d. h. die Kurse sollten m\u00f6glichst so arrangiert sein, dass Eltern in der Lage sind, morgens ihre Kinder zum Kindergarten\/ zur Schule zu bringen und nachmittags wieder abzuholen, sodass auch ihnen ein rechtzeitiges Erscheinen und reibungsloser Ablauf des Kurses erm\u00f6glicht ist. Des Weiteren haben Mitarbeiter stets ein offenes Ohr f\u00fcr die Probleme aller Teilnehmer, insbesondere derer mit Familienverantwortung, und sind immerzu bem\u00fcht sie weitgehendst zu unterst\u00fctzen.<\/p>\n\n\n\n<p><\/p>\n\n\n\n<figure class=\"wp-block-image is-resized\"><img loading=\"lazy\" decoding=\"async\" src=\"http:\/\/lernpoint.eu\/html\/wp-content\/uploads\/2020\/12\/Leitbildschema-1-1024x576.jpg\" alt=\"\" class=\"wp-image-555\" width=\"829\" height=\"466\" srcset=\"https:\/\/lernpoint-ev.de\/html\/wp-content\/uploads\/2020\/12\/Leitbildschema-1-1024x576.jpg 1024w, https:\/\/lernpoint-ev.de\/html\/wp-content\/uploads\/2020\/12\/Leitbildschema-1-300x169.jpg 300w, https:\/\/lernpoint-ev.de\/html\/wp-content\/uploads\/2020\/12\/Leitbildschema-1-768x432.jpg 768w, https:\/\/lernpoint-ev.de\/html\/wp-content\/uploads\/2020\/12\/Leitbildschema-1-360x203.jpg 360w, https:\/\/lernpoint-ev.de\/html\/wp-content\/uploads\/2020\/12\/Leitbildschema-1.jpg 1280w\" sizes=\"auto, (max-width: 829px) 100vw, 829px\" \/><\/figure>\n","protected":false},"excerpt":{"rendered":"<p>\u00b7 Der Lernerfolg unserer Kunden ist f\u00fcr uns Priorit\u00e4t. Gelungenes Lernen bedeutet f\u00fcr uns, dass wir optimale Rahmenbedingungen schaffen, um die angestrebten Lernziele in einer positiven Atmosph\u00e4re zu erreichen. \u00b7 Kundenzufriedenheit ist eins unserer Hauptanliegen, die wir sowohl mit qualifizierten <a href=\"https:\/\/lernpoint-ev.de\/html\/lern-point-e-v\/leitbild\/\" class=\"read-more\">Weiterlesen&#8230;<\/a><\/p>\n","protected":false},"author":1,"featured_media":0,"parent":74,"menu_order":2,"comment_status":"closed","ping_status":"closed","template":"","meta":{"footnotes":""},"class_list":["post-550","page","type-page","status-publish","hentry"],"_links":{"self":[{"href":"https:\/\/lernpoint-ev.de\/html\/wp-json\/wp\/v2\/pages\/550","targetHints":{"allow":["GET"]}}],"collection":[{"href":"https:\/\/lernpoint-ev.de\/html\/wp-json\/wp\/v2\/pages"}],"about":[{"href":"https:\/\/lernpoint-ev.de\/html\/wp-json\/wp\/v2\/types\/page"}],"author":[{"embeddable":true,"href":"https:\/\/lernpoint-ev.de\/html\/wp-json\/wp\/v2\/users\/1"}],"replies":[{"embeddable":true,"href":"https:\/\/lernpoint-ev.de\/html\/wp-json\/wp\/v2\/comments?post=550"}],"version-history":[{"count":4,"href":"https:\/\/lernpoint-ev.de\/html\/wp-json\/wp\/v2\/pages\/550\/revisions"}],"predecessor-version":[{"id":578,"href":"https:\/\/lernpoint-ev.de\/html\/wp-json\/wp\/v2\/pages\/550\/revisions\/578"}],"up":[{"embeddable":true,"href":"https:\/\/lernpoint-ev.de\/html\/wp-json\/wp\/v2\/pages\/74"}],"wp:attachment":[{"href":"https:\/\/lernpoint-ev.de\/html\/wp-json\/wp\/v2\/media?parent=550"}],"curies":[{"name":"wp","href":"https:\/\/api.w.org\/{rel}","templated":true}]}}