{"id":56,"date":"2016-06-11T22:34:20","date_gmt":"2016-06-11T20:34:20","guid":{"rendered":"http:\/\/lernpoint.eu\/html\/?page_id=56"},"modified":"2017-07-13T18:08:24","modified_gmt":"2017-07-13T16:08:24","slug":"elternseminare","status":"publish","type":"page","link":"https:\/\/lernpoint-ev.de\/html\/elternarbeit-mentoring\/elternseminare\/","title":{"rendered":"Elternseminare"},"content":{"rendered":"<p>Wir versuchen nicht nur den Sch\u00fclern zu helfen, indem wir Hausaufgabenbetreuung anbieten, sondern bieten spezielle Seminare f\u00fcr Eltern an, um die Gesamtsituation der Kinder auch zuhause zu verbessern. F\u00fcr unsere Seminare arbeiten wir z.B. mit der Polizei zusammen, um fr\u00fch genug \u00fcber die Risiken von Drogen zu Informieren. Wir arbeiten st\u00e4ndig daran, unseren Kontakt zu anderen Institutionen auszubauen.<\/p>\n<p>Unsere Partner sind unter anderem:<br \/>\n&#8211; Amt f\u00fcr multikulturelle Angelegenheiten<br \/>\n&#8211; Bundesamt f\u00fcr Migration und Fl\u00fcchtlingen<br \/>\n&#8211; Schul\u00e4mter und Schulen \u2013 die Universit\u00e4ten<\/p>\n","protected":false},"excerpt":{"rendered":"<p>Wir versuchen nicht nur den Sch\u00fclern zu helfen, indem wir Hausaufgabenbetreuung anbieten, sondern bieten spezielle Seminare f\u00fcr Eltern an, um die Gesamtsituation der Kinder auch zuhause zu verbessern. F\u00fcr unsere Seminare arbeiten wir z.B. mit der Polizei zusammen, um fr\u00fch <a href=\"https:\/\/lernpoint-ev.de\/html\/elternarbeit-mentoring\/elternseminare\/\" class=\"read-more\">Weiterlesen&#8230;<\/a><\/p>\n","protected":false},"author":1,"featured_media":0,"parent":161,"menu_order":0,"comment_status":"closed","ping_status":"closed","template":"","meta":{"footnotes":""},"class_list":["post-56","page","type-page","status-publish","hentry"],"_links":{"self":[{"href":"https:\/\/lernpoint-ev.de\/html\/wp-json\/wp\/v2\/pages\/56","targetHints":{"allow":["GET"]}}],"collection":[{"href":"https:\/\/lernpoint-ev.de\/html\/wp-json\/wp\/v2\/pages"}],"about":[{"href":"https:\/\/lernpoint-ev.de\/html\/wp-json\/wp\/v2\/types\/page"}],"author":[{"embeddable":true,"href":"https:\/\/lernpoint-ev.de\/html\/wp-json\/wp\/v2\/users\/1"}],"replies":[{"embeddable":true,"href":"https:\/\/lernpoint-ev.de\/html\/wp-json\/wp\/v2\/comments?post=56"}],"version-history":[{"count":2,"href":"https:\/\/lernpoint-ev.de\/html\/wp-json\/wp\/v2\/pages\/56\/revisions"}],"predecessor-version":[{"id":155,"href":"https:\/\/lernpoint-ev.de\/html\/wp-json\/wp\/v2\/pages\/56\/revisions\/155"}],"up":[{"embeddable":true,"href":"https:\/\/lernpoint-ev.de\/html\/wp-json\/wp\/v2\/pages\/161"}],"wp:attachment":[{"href":"https:\/\/lernpoint-ev.de\/html\/wp-json\/wp\/v2\/media?parent=56"}],"curies":[{"name":"wp","href":"https:\/\/api.w.org\/{rel}","templated":true}]}}