{"id":62,"date":"2016-06-11T22:39:05","date_gmt":"2016-06-11T20:39:05","guid":{"rendered":"http:\/\/lernpoint.eu\/html\/?page_id=62"},"modified":"2021-12-07T13:23:38","modified_gmt":"2021-12-07T12:23:38","slug":"jobs","status":"publish","type":"page","link":"https:\/\/lernpoint-ev.de\/html\/lern-point-e-v\/jobs\/","title":{"rendered":"Jobs"},"content":{"rendered":"<p>Wir suchen ab sofort Kursleiter\/in m\/w\/d f\u00fcr unsere Integrationskurse auf Honorarbasis<\/p>\n<p>Montag bis Donnerstag von 8:30 Uhr bis 12:30 Uhr<\/p>\n<p>Ihr Profil<\/p>\n<ul>\n<li>Sie besitzen eine g\u00fcltige Zulassung f\u00fcr Lehrkr\u00e4fte in Integrationskursen des Bundesamts f\u00fcr Migration und Fl\u00fcchtlinge (BAMF)<\/li>\n<li>Sie haben idealerweise Erfahrung im Unterrichten von Integrations- bzw. DaZ\/DaF-Sprachkursen<\/li>\n<li>Sie haben Freude an kreativer Unterrichtsgestaltung, Geduld, Humor, Offenheit, Einf\u00fchlungsverm\u00f6gen und interkulturelle Kompetenz<\/li>\n<li>Zuverl\u00e4ssigkeit, Belastbarkeit, Sorgfalt\/Genauigkeit, Organisationsf\u00e4higkeit und Kommunikationsf\u00e4higkeit runden Ihr Profil ab<\/li>\n<\/ul>\n<p>Ihre Aufgaben<\/p>\n<ul>\n<li>Sie unterrichten in Integrationskursen<\/li>\n<li>Vermittlung von Kenntnissen der deutschen Sprache (bis Zielniveau B1)<\/li>\n<li>sozio- und interkulturelle Kenntnisvermittlung<\/li>\n<li>Durchf\u00fchrung und Auswertung von Lernstandserhebungen<\/li>\n<li>Dokumentation von Schulungsinhalten und &#8211; Ergebnissen<\/li>\n<\/ul>\n<p>Wenn wir Ihr Interesse geweckt haben und Sie sich in unserer Stellenbeschreibung wieder finden, dann freuen wir uns \u00fcber Ihre aussagekr\u00e4ftige Bewerbung samt allen erforderlichen Nachweisen und Zeugnissen.<\/p>\n<p>Bitte senden Sie uns Ihre Unterlagen per E-Mail an <a href=\"mailto:info@lernpoint-ev.de\">info@lernpoint-ev.de<\/a> zu.<\/p>\n<p>Ihr Lern Point-Team<\/p>\n<p>Stand: 06.12.2021<\/p>\n","protected":false},"excerpt":{"rendered":"<p>Wir suchen ab sofort Kursleiter\/in m\/w\/d f\u00fcr unsere Integrationskurse auf Honorarbasis Montag bis Donnerstag von 8:30 Uhr bis 12:30 Uhr Ihr Profil Sie besitzen eine g\u00fcltige Zulassung f\u00fcr Lehrkr\u00e4fte in Integrationskursen des Bundesamts f\u00fcr Migration und Fl\u00fcchtlinge (BAMF) Sie haben <a href=\"https:\/\/lernpoint-ev.de\/html\/lern-point-e-v\/jobs\/\" class=\"read-more\">Weiterlesen&#8230;<\/a><\/p>\n","protected":false},"author":1,"featured_media":0,"parent":74,"menu_order":0,"comment_status":"closed","ping_status":"closed","template":"","meta":{"footnotes":""},"class_list":["post-62","page","type-page","status-publish","hentry"],"_links":{"self":[{"href":"https:\/\/lernpoint-ev.de\/html\/wp-json\/wp\/v2\/pages\/62","targetHints":{"allow":["GET"]}}],"collection":[{"href":"https:\/\/lernpoint-ev.de\/html\/wp-json\/wp\/v2\/pages"}],"about":[{"href":"https:\/\/lernpoint-ev.de\/html\/wp-json\/wp\/v2\/types\/page"}],"author":[{"embeddable":true,"href":"https:\/\/lernpoint-ev.de\/html\/wp-json\/wp\/v2\/users\/1"}],"replies":[{"embeddable":true,"href":"https:\/\/lernpoint-ev.de\/html\/wp-json\/wp\/v2\/comments?post=62"}],"version-history":[{"count":16,"href":"https:\/\/lernpoint-ev.de\/html\/wp-json\/wp\/v2\/pages\/62\/revisions"}],"predecessor-version":[{"id":843,"href":"https:\/\/lernpoint-ev.de\/html\/wp-json\/wp\/v2\/pages\/62\/revisions\/843"}],"up":[{"embeddable":true,"href":"https:\/\/lernpoint-ev.de\/html\/wp-json\/wp\/v2\/pages\/74"}],"wp:attachment":[{"href":"https:\/\/lernpoint-ev.de\/html\/wp-json\/wp\/v2\/media?parent=62"}],"curies":[{"name":"wp","href":"https:\/\/api.w.org\/{rel}","templated":true}]}}