{"id":657,"date":"2021-05-22T13:51:54","date_gmt":"2021-05-22T11:51:54","guid":{"rendered":"https:\/\/lernpoint-ev.de\/html\/?page_id=657"},"modified":"2023-09-19T21:46:16","modified_gmt":"2023-09-19T19:46:16","slug":"alphabetisierungkurs","status":"publish","type":"page","link":"https:\/\/lernpoint-ev.de\/html\/alphabetisierungkurs\/","title":{"rendered":"Alphabetisierungskurse"},"content":{"rendered":"\n<p><strong>Viele Erwachsene in Deutschland k\u00f6nnen nicht oder nur bedingt Lesen und Schreiben. Dieses Problem betrifft auch einen Teil der Zugewanderten.<\/strong><\/p>\n\n\n\n<p>Unsere Alphabetisierungskurse helfen Ihnen dabei am gesellschaftlichen Leben aktiv teilzunehmen. <\/p>\n\n\n\n<p>Denn im Alphabetisierungskurs&#8230;<\/p>\n\n\n\n<ul class=\"wp-block-list\">\n<li>erleben die Teilnehmer in 1000 Unterrichtsstunden &#8211; wenn sie bestimmte Voraussetzungen erf\u00fcllen, auch in m\u00f6glichen weiteren 300 Unterrichtsstunden &#8211; , dass auch sie das Lesen und Schreiben mit Erfolg erlernen k\u00f6nnen,<\/li>\n\n\n\n<li>wird in kleinen Gruppen gelernt. Daher hat die Lehrkraft mehr Zeit f\u00fcr jeden Teilnehmer,<\/li>\n\n\n\n<li>lernen die Teilnehmer, was das Lernen erleichtert und wie sie sich selbst und untereinander helfen k\u00f6nnen, um weiterzukommen,<\/li>\n\n\n\n<li>erfahren die Teilnehmer, was in ihnen steckt,<\/li>\n\n\n\n<li>lernen die Teilnehmer, ein Lehrbuch so zu nutzen, dass sie sp\u00e4ter auch andere Deutschkurse besuchen oder alleine weiterlernen k\u00f6nnen.<\/li>\n<\/ul>\n\n\n\n<div class=\"wp-block-buttons is-layout-flex wp-block-buttons-is-layout-flex\"><\/div>\n\n\n\n<p>Wenn auch Sie betroffen sind oder jemanden kennen, der sich bisher mit dem Lesen und Schreiben schwer getan hat, dann sind unsere Kurse bestimmt das Richtige f\u00fcr Sie.<\/p>\n\n\n\n<p>Bitte kontaktieren Sie uns bei Interesse.<\/p>\n","protected":false},"excerpt":{"rendered":"<p>Viele Erwachsene in Deutschland k\u00f6nnen nicht oder nur bedingt Lesen und Schreiben. Dieses Problem betrifft auch einen Teil der Zugewanderten. Unsere Alphabetisierungskurse helfen Ihnen dabei am gesellschaftlichen Leben aktiv teilzunehmen. Denn im Alphabetisierungskurs&#8230; Wenn auch Sie betroffen sind oder jemanden <a href=\"https:\/\/lernpoint-ev.de\/html\/alphabetisierungkurs\/\" class=\"read-more\">Weiterlesen&#8230;<\/a><\/p>\n","protected":false},"author":1,"featured_media":982,"parent":0,"menu_order":0,"comment_status":"closed","ping_status":"closed","template":"","meta":{"footnotes":""},"class_list":["post-657","page","type-page","status-publish","has-post-thumbnail","hentry"],"_links":{"self":[{"href":"https:\/\/lernpoint-ev.de\/html\/wp-json\/wp\/v2\/pages\/657","targetHints":{"allow":["GET"]}}],"collection":[{"href":"https:\/\/lernpoint-ev.de\/html\/wp-json\/wp\/v2\/pages"}],"about":[{"href":"https:\/\/lernpoint-ev.de\/html\/wp-json\/wp\/v2\/types\/page"}],"author":[{"embeddable":true,"href":"https:\/\/lernpoint-ev.de\/html\/wp-json\/wp\/v2\/users\/1"}],"replies":[{"embeddable":true,"href":"https:\/\/lernpoint-ev.de\/html\/wp-json\/wp\/v2\/comments?post=657"}],"version-history":[{"count":8,"href":"https:\/\/lernpoint-ev.de\/html\/wp-json\/wp\/v2\/pages\/657\/revisions"}],"predecessor-version":[{"id":981,"href":"https:\/\/lernpoint-ev.de\/html\/wp-json\/wp\/v2\/pages\/657\/revisions\/981"}],"wp:featuredmedia":[{"embeddable":true,"href":"https:\/\/lernpoint-ev.de\/html\/wp-json\/wp\/v2\/media\/982"}],"wp:attachment":[{"href":"https:\/\/lernpoint-ev.de\/html\/wp-json\/wp\/v2\/media?parent=657"}],"curies":[{"name":"wp","href":"https:\/\/api.w.org\/{rel}","templated":true}]}}