{"id":74,"date":"2016-06-11T23:01:36","date_gmt":"2016-06-11T21:01:36","guid":{"rendered":"http:\/\/lernpoint.eu\/html\/?page_id=74"},"modified":"2017-06-29T18:39:07","modified_gmt":"2017-06-29T16:39:07","slug":"lern-point-e-v","status":"publish","type":"page","link":"https:\/\/lernpoint-ev.de\/html\/lern-point-e-v\/","title":{"rendered":"Lern Point e.V."},"content":{"rendered":"<p>Lern Point e.V. wurde im Oktober 2004 von Akademikern gegr\u00fcndet, die es sich zum Ziel gesetzt haben, ihren Integrationsbeitrag f\u00fcr die Jugend- und Elternarbeit zu leisten. Die seit fast 13 Jahren anhaltende erfolgreiche Entwicklung unseres Vereins l\u00e4sst sich an vielen erfolgreichen Sch\u00fclern, noch mehr gl\u00fccklichen Eltern und vielen erfogreichen Veranstaltungen ablesen.<\/p>\n<p>Als gemeinn\u00fctziger Verein wollen wir unseren Beitrag zu einem starken gesellschaftlichen Zusammenleben leisten. Darunter verstehen wir den dringenden Kommunikationsprozess sowohl zwischen Eltern, Sch\u00fclern und Lehrern als auch Menschen unterschiedlicher Herkunft sowie verschiedenen Institutionen. Durch Kooperationen mit anderen Vereinen und Institutionen m\u00f6chten wir unsere Arbeit und Vision an ein breites Spektrum an Menschen zutragen und diese dazu animieren und motivieren mitzumachen.<\/p>\n<p>Angebote:<br \/>\n-Nachhilfekurse von der 1. Klasse bis zum Abitur<br \/>\n-Allgemeine Integrationskurse ( Vormittag- Nachmittag- Abendkurse )<br \/>\n-Frauenkurse<br \/>\n-Elternkurse<br \/>\n-Orientierungskurse<br \/>\n-Alphabetisierungskurse<\/p>\n<p>-Studienreisen und Freizeitaktivit\u00e4ten<\/p>\n<p>-Interkulturelle Veranstaltungen<\/p>\n","protected":false},"excerpt":{"rendered":"<p>Lern Point e.V. wurde im Oktober 2004 von Akademikern gegr\u00fcndet, die es sich zum Ziel gesetzt haben, ihren Integrationsbeitrag f\u00fcr die Jugend- und Elternarbeit zu leisten. Die seit fast 13 Jahren anhaltende erfolgreiche Entwicklung unseres Vereins l\u00e4sst sich an vielen <a href=\"https:\/\/lernpoint-ev.de\/html\/lern-point-e-v\/\" class=\"read-more\">Weiterlesen&#8230;<\/a><\/p>\n","protected":false},"author":1,"featured_media":0,"parent":0,"menu_order":0,"comment_status":"closed","ping_status":"closed","template":"","meta":{"footnotes":""},"class_list":["post-74","page","type-page","status-publish","hentry"],"_links":{"self":[{"href":"https:\/\/lernpoint-ev.de\/html\/wp-json\/wp\/v2\/pages\/74","targetHints":{"allow":["GET"]}}],"collection":[{"href":"https:\/\/lernpoint-ev.de\/html\/wp-json\/wp\/v2\/pages"}],"about":[{"href":"https:\/\/lernpoint-ev.de\/html\/wp-json\/wp\/v2\/types\/page"}],"author":[{"embeddable":true,"href":"https:\/\/lernpoint-ev.de\/html\/wp-json\/wp\/v2\/users\/1"}],"replies":[{"embeddable":true,"href":"https:\/\/lernpoint-ev.de\/html\/wp-json\/wp\/v2\/comments?post=74"}],"version-history":[{"count":3,"href":"https:\/\/lernpoint-ev.de\/html\/wp-json\/wp\/v2\/pages\/74\/revisions"}],"predecessor-version":[{"id":152,"href":"https:\/\/lernpoint-ev.de\/html\/wp-json\/wp\/v2\/pages\/74\/revisions\/152"}],"wp:attachment":[{"href":"https:\/\/lernpoint-ev.de\/html\/wp-json\/wp\/v2\/media?parent=74"}],"curies":[{"name":"wp","href":"https:\/\/api.w.org\/{rel}","templated":true}]}}